{"id":3760,"date":"2022-09-16T11:02:21","date_gmt":"2022-09-16T09:02:21","guid":{"rendered":"https:\/\/triworx-coaching.com\/?post_type=product&#038;p=3760"},"modified":"2023-05-14T07:47:33","modified_gmt":"2023-05-14T05:47:33","slug":"inscyd-leistungsdiagnostik-laufen","status":"publish","type":"product","link":"https:\/\/triworx-coaching.com\/en\/product\/inscyd-leistungsdiagnostik-laufen\/","title":{"rendered":"INSCYD Performance Diagnostics Running"},"content":{"rendered":"<div class=\"et_pb_module et_pb_text et_pb_text_0 et_pb_text_align_left et_pb_bg_layout_dark\">\n<div class=\"et_pb_text_inner\">\n<h2 style=\"text-align: left;\"><span style=\"color: #000000;\">INSCYD<\/span><\/h2>\n<h2 style=\"text-align: left;\"><span style=\"color: #000000;\">POWER PERFORMANCE DECODER (PPD) \u2013 Run<\/span><\/h2>\n<p>&nbsp;<\/p>\n<\/div>\n<\/div>\n<h4 style=\"text-align: left;\">Remote performance diagnostics for runners in lab quality from the convenience of your own home.<\/h4>\n<p>&nbsp;<\/p>\n<div>With the PPD you determine your individual physiological performance, identify your metabolic profile and get a detailed insight into the metabolic processes in your body.\u00a0We determine the maximum oxygen uptake (VO2max), the maximum lactate production rate (VLamax), the anaerobic threshold, your lactate production and reduction, fat burning including FatMax, as well as your carbohydrate consumption and individual training zones.<\/div>\n<div><\/div>\n<div>Die Durchf\u00fchrung des Tests kann an einem oder an zwei aufeinanderfolgenden Tagen erfolgen. Dein Zeitbedarf bei einem Tag liegt bei 100 Minuten, wenn Du den Test an zwei Tagen durchf\u00fchrst bei 60-75 Minuten je Tag. Du entscheidest, ob Du das Testprotokoll, welches wir Dir nach der Buchung mit detaillierten Durchf\u00fchrungshinweisen zusenden, auf einer 400m Bahn durchf\u00fchrst oder auf einer flachen m\u00f6glichst geraden Strecke mit Wendepunkt. Dort hast du die wenigstens St\u00f6rfaktoren und kannst die tats\u00e4chliche gelaufene Strecke sehr genau bestimmen. Wichtig ist, dass Du die Daten mit einer GPS-f\u00e4higen Uhr aufzeichnest.<\/div>\n<div><\/div>\n<div>After completing the protocol, you submit your files of the sessions and we determine the above data, create a comprehensive report including advice on meaningful training changes and the resulting outcomes, as well as pacing and nutrition guidelines for your next race.<\/div>","protected":false},"excerpt":{"rendered":"<p>INSCYD POWER PERFORMANCE DECODER (PPD) &#8211; Run &nbsp; Remote Leistungsdiagnostik f\u00fcr L\u00e4ufer in Laborqualit\u00e4t bequem von zu Hause aus. &nbsp; Mit dem PPD bestimmst du deine individuellen physiologische Leistungsf\u00e4higkeit, ermittelst dein metabolisches Profil und bekommst einen detaillierten Einblick \u00fcber die Stoffwechselprozesse in deinem K\u00f6rper.\u00a0Dabei bestimmen wir die maximale Sauerstoffaufnahme (VO2max), die maximale Laktatbildungsrate (VLamax), die [&hellip;]<\/p>\n","protected":false},"featured_media":528,"comment_status":"closed","ping_status":"closed","template":"","meta":{"_et_pb_use_builder":"off","_et_pb_old_content":"<div class=\"et_pb_module et_pb_text et_pb_text_0 et_pb_text_align_left et_pb_bg_layout_dark\">\r\n<div class=\"et_pb_text_inner\">\r\n<h2>INSCYD<\/h2>\r\n<h2>POWER PERFORMANCE DECODER (PPD)<\/h2>\r\n<\/div>\r\n<\/div>\r\n<div class=\"et_pb_module et_pb_text et_pb_text_1 et_pb_text_align_center et_pb_bg_layout_light\">\r\n<div class=\"et_pb_text_inner\">\r\n\r\nDie fortschrittlichste Leistungsdiagnostik f\u00fcrs Radfahren in nur 90 Minuten bei Dir zuhause.\r\n\r\nDu absolvierst ein Testprotokoll von 4 Intervallen mit deinem Powermeter. Aufgrund der Durchf\u00fchrung im Freien bzw. bei Dir auf der Rolle, sind die Daten relevanter f\u00fcr deine Trainings- und Rennumgebung als Daten aus dem Labor, da keine Projektionsverluste aus dem Labor entstehen.\r\n\r\nDu erh\u00e4ltst von uns das Testprotokoll, welches Du drau\u00dfen auf deinem Rad mit Powermeter oder auf deinem Indoortrainier mit Wattmesser f\u00e4hrst. Nachdem Du dieses Protokoll gefahren bist, sendest Du uns die dazugeh\u00f6rige Trainingsdatei zu und erh\u00e4ltst einen f\u00fcnfseitigen Bericht mit allen f\u00fcr dein Training und Rennen relevanten Daten. Dazu geh\u00f6ren deine aerobe und anaerobe Schwelle, deine VLamax und Vo2max, sowie deine Fatmax.\r\n\r\nAusserdem erh\u00e4ltst Du Informationen wie Du in deinen Wettk\u00e4mpfen mit Verpflegung und Pacing-Strategie deine bestm\u00f6gliche Performance erreichst.\r\n\r\n<\/div>\r\n<\/div>","_et_gb_content_width":""},"product_brand":[],"product_cat":[53],"product_tag":[55,54,56],"class_list":{"0":"post-3760","1":"product","2":"type-product","3":"status-publish","4":"has-post-thumbnail","6":"product_cat-leistungsdiagnostik","7":"product_tag-inscyd","8":"product_tag-leistungsdiagnostik","9":"product_tag-ppd","11":"first","12":"instock","13":"virtual","14":"purchasable","15":"product-type-simple"},"yoast_head":"<!-- This site is optimized with the Yoast SEO plugin v27.4 - https:\/\/yoast.com\/product\/yoast-seo-wordpress\/ -->\n<title>INSCYD Leistungsdiagnostik Laufen - triworx coaching<\/title>\n<meta name=\"robots\" content=\"index, follow, max-snippet:-1, max-image-preview:large, max-video-preview:-1\" \/>\n<link rel=\"canonical\" href=\"https:\/\/triworx-coaching.com\/en\/product\/inscyd-leistungsdiagnostik-laufen\/\" \/>\n<meta property=\"og:locale\" content=\"en_US\" \/>\n<meta property=\"og:type\" content=\"article\" \/>\n<meta property=\"og:title\" content=\"INSCYD Leistungsdiagnostik Laufen - triworx coaching\" \/>\n<meta property=\"og:description\" content=\"INSCYD POWER PERFORMANCE DECODER (PPD) &#8211; Run &nbsp; Remote Leistungsdiagnostik f\u00fcr L\u00e4ufer in Laborqualit\u00e4t bequem von zu Hause aus. &nbsp; Mit dem PPD bestimmst du deine individuellen physiologische Leistungsf\u00e4higkeit, ermittelst dein metabolisches Profil und bekommst einen detaillierten Einblick \u00fcber die Stoffwechselprozesse in deinem K\u00f6rper.\u00a0Dabei bestimmen wir die maximale Sauerstoffaufnahme (VO2max), die maximale Laktatbildungsrate (VLamax), die [&hellip;]\" \/>\n<meta property=\"og:url\" content=\"https:\/\/triworx-coaching.com\/en\/product\/inscyd-leistungsdiagnostik-laufen\/\" \/>\n<meta property=\"og:site_name\" content=\"triworx coaching\" \/>\n<meta property=\"article:publisher\" content=\"https:\/\/www.facebook.com\/performingperfect\" \/>\n<meta property=\"article:modified_time\" content=\"2023-05-14T05:47:33+00:00\" \/>\n<meta property=\"og:image\" content=\"https:\/\/triworx-coaching.com\/wp-content\/uploads\/2020\/06\/9EA5B7B6-1968-42B2-A744-CFE760435C0E_1_105_c.jpeg\" \/>\n\t<meta property=\"og:image:width\" content=\"1000\" \/>\n\t<meta property=\"og:image:height\" content=\"667\" \/>\n\t<meta property=\"og:image:type\" content=\"image\/jpeg\" \/>\n<meta name=\"twitter:card\" content=\"summary_large_image\" \/>\n<meta name=\"twitter:site\" content=\"@tri_worx\" \/>\n<meta name=\"twitter:label1\" content=\"Est. reading time\" \/>\n\t<meta name=\"twitter:data1\" content=\"2 minutes\" \/>\n<script type=\"application\/ld+json\" class=\"yoast-schema-graph\">{\"@context\":\"https:\\\/\\\/schema.org\",\"@graph\":[{\"@type\":\"WebPage\",\"@id\":\"https:\\\/\\\/triworx-coaching.com\\\/produkt\\\/inscyd-leistungsdiagnostik-laufen\\\/\",\"url\":\"https:\\\/\\\/triworx-coaching.com\\\/produkt\\\/inscyd-leistungsdiagnostik-laufen\\\/\",\"name\":\"INSCYD Leistungsdiagnostik Laufen - triworx coaching\",\"isPartOf\":{\"@id\":\"https:\\\/\\\/triworx-coaching.com\\\/#website\"},\"primaryImageOfPage\":{\"@id\":\"https:\\\/\\\/triworx-coaching.com\\\/produkt\\\/inscyd-leistungsdiagnostik-laufen\\\/#primaryimage\"},\"image\":{\"@id\":\"https:\\\/\\\/triworx-coaching.com\\\/produkt\\\/inscyd-leistungsdiagnostik-laufen\\\/#primaryimage\"},\"thumbnailUrl\":\"https:\\\/\\\/triworx-coaching.com\\\/wp-content\\\/uploads\\\/2020\\\/06\\\/9EA5B7B6-1968-42B2-A744-CFE760435C0E_1_105_c.jpeg\",\"datePublished\":\"2022-09-16T09:02:21+00:00\",\"dateModified\":\"2023-05-14T05:47:33+00:00\",\"breadcrumb\":{\"@id\":\"https:\\\/\\\/triworx-coaching.com\\\/produkt\\\/inscyd-leistungsdiagnostik-laufen\\\/#breadcrumb\"},\"inLanguage\":\"en-US\",\"potentialAction\":[{\"@type\":\"ReadAction\",\"target\":[\"https:\\\/\\\/triworx-coaching.com\\\/produkt\\\/inscyd-leistungsdiagnostik-laufen\\\/\"]}]},{\"@type\":\"ImageObject\",\"inLanguage\":\"en-US\",\"@id\":\"https:\\\/\\\/triworx-coaching.com\\\/produkt\\\/inscyd-leistungsdiagnostik-laufen\\\/#primaryimage\",\"url\":\"https:\\\/\\\/triworx-coaching.com\\\/wp-content\\\/uploads\\\/2020\\\/06\\\/9EA5B7B6-1968-42B2-A744-CFE760435C0E_1_105_c.jpeg\",\"contentUrl\":\"https:\\\/\\\/triworx-coaching.com\\\/wp-content\\\/uploads\\\/2020\\\/06\\\/9EA5B7B6-1968-42B2-A744-CFE760435C0E_1_105_c.jpeg\",\"width\":1000,\"height\":667},{\"@type\":\"BreadcrumbList\",\"@id\":\"https:\\\/\\\/triworx-coaching.com\\\/produkt\\\/inscyd-leistungsdiagnostik-laufen\\\/#breadcrumb\",\"itemListElement\":[{\"@type\":\"ListItem\",\"position\":1,\"name\":\"Startseite\",\"item\":\"https:\\\/\\\/triworx-coaching.com\\\/\"},{\"@type\":\"ListItem\",\"position\":2,\"name\":\"Triworx Shop\",\"item\":\"https:\\\/\\\/triworx-coaching.com\\\/shop\\\/\"},{\"@type\":\"ListItem\",\"position\":3,\"name\":\"INSCYD Leistungsdiagnostik Laufen\"}]},{\"@type\":\"WebSite\",\"@id\":\"https:\\\/\\\/triworx-coaching.com\\\/#website\",\"url\":\"https:\\\/\\\/triworx-coaching.com\\\/\",\"name\":\"triworx coaching\",\"description\":\"Training - Coaching - Diagnostic\",\"publisher\":{\"@id\":\"https:\\\/\\\/triworx-coaching.com\\\/#organization\"},\"potentialAction\":[{\"@type\":\"SearchAction\",\"target\":{\"@type\":\"EntryPoint\",\"urlTemplate\":\"https:\\\/\\\/triworx-coaching.com\\\/?s={search_term_string}\"},\"query-input\":{\"@type\":\"PropertyValueSpecification\",\"valueRequired\":true,\"valueName\":\"search_term_string\"}}],\"inLanguage\":\"en-US\"},{\"@type\":\"Organization\",\"@id\":\"https:\\\/\\\/triworx-coaching.com\\\/#organization\",\"name\":\"triworx-coaching\",\"url\":\"https:\\\/\\\/triworx-coaching.com\\\/\",\"logo\":{\"@type\":\"ImageObject\",\"inLanguage\":\"en-US\",\"@id\":\"https:\\\/\\\/triworx-coaching.com\\\/#\\\/schema\\\/logo\\\/image\\\/\",\"url\":\"https:\\\/\\\/triworx-coaching.com\\\/wp-content\\\/uploads\\\/2021\\\/03\\\/triworx_profilbild500px.jpg\",\"contentUrl\":\"https:\\\/\\\/triworx-coaching.com\\\/wp-content\\\/uploads\\\/2021\\\/03\\\/triworx_profilbild500px.jpg\",\"width\":500,\"height\":500,\"caption\":\"triworx-coaching\"},\"image\":{\"@id\":\"https:\\\/\\\/triworx-coaching.com\\\/#\\\/schema\\\/logo\\\/image\\\/\"},\"sameAs\":[\"https:\\\/\\\/www.facebook.com\\\/performingperfect\",\"https:\\\/\\\/x.com\\\/tri_worx\",\"https:\\\/\\\/www.instagram.com\\\/triworx_coaching\\\/\"]}]}<\/script>\n<!-- \/ Yoast SEO plugin. -->","yoast_head_json":{"title":"INSCYD Leistungsdiagnostik Laufen - triworx coaching","robots":{"index":"index","follow":"follow","max-snippet":"max-snippet:-1","max-image-preview":"max-image-preview:large","max-video-preview":"max-video-preview:-1"},"canonical":"https:\/\/triworx-coaching.com\/en\/product\/inscyd-leistungsdiagnostik-laufen\/","og_locale":"en_US","og_type":"article","og_title":"INSCYD Leistungsdiagnostik Laufen - triworx coaching","og_description":"INSCYD POWER PERFORMANCE DECODER (PPD) &#8211; Run &nbsp; Remote Leistungsdiagnostik f\u00fcr L\u00e4ufer in Laborqualit\u00e4t bequem von zu Hause aus. &nbsp; Mit dem PPD bestimmst du deine individuellen physiologische Leistungsf\u00e4higkeit, ermittelst dein metabolisches Profil und bekommst einen detaillierten Einblick \u00fcber die Stoffwechselprozesse in deinem K\u00f6rper.\u00a0Dabei bestimmen wir die maximale Sauerstoffaufnahme (VO2max), die maximale Laktatbildungsrate (VLamax), die [&hellip;]","og_url":"https:\/\/triworx-coaching.com\/en\/product\/inscyd-leistungsdiagnostik-laufen\/","og_site_name":"triworx coaching","article_publisher":"https:\/\/www.facebook.com\/performingperfect","article_modified_time":"2023-05-14T05:47:33+00:00","og_image":[{"width":1000,"height":667,"url":"https:\/\/triworx-coaching.com\/wp-content\/uploads\/2020\/06\/9EA5B7B6-1968-42B2-A744-CFE760435C0E_1_105_c.jpeg","type":"image\/jpeg"}],"twitter_card":"summary_large_image","twitter_site":"@tri_worx","twitter_misc":{"Est. reading time":"2 minutes"},"schema":{"@context":"https:\/\/schema.org","@graph":[{"@type":"WebPage","@id":"https:\/\/triworx-coaching.com\/produkt\/inscyd-leistungsdiagnostik-laufen\/","url":"https:\/\/triworx-coaching.com\/produkt\/inscyd-leistungsdiagnostik-laufen\/","name":"INSCYD Leistungsdiagnostik Laufen - triworx coaching","isPartOf":{"@id":"https:\/\/triworx-coaching.com\/#website"},"primaryImageOfPage":{"@id":"https:\/\/triworx-coaching.com\/produkt\/inscyd-leistungsdiagnostik-laufen\/#primaryimage"},"image":{"@id":"https:\/\/triworx-coaching.com\/produkt\/inscyd-leistungsdiagnostik-laufen\/#primaryimage"},"thumbnailUrl":"https:\/\/triworx-coaching.com\/wp-content\/uploads\/2020\/06\/9EA5B7B6-1968-42B2-A744-CFE760435C0E_1_105_c.jpeg","datePublished":"2022-09-16T09:02:21+00:00","dateModified":"2023-05-14T05:47:33+00:00","breadcrumb":{"@id":"https:\/\/triworx-coaching.com\/produkt\/inscyd-leistungsdiagnostik-laufen\/#breadcrumb"},"inLanguage":"en-US","potentialAction":[{"@type":"ReadAction","target":["https:\/\/triworx-coaching.com\/produkt\/inscyd-leistungsdiagnostik-laufen\/"]}]},{"@type":"ImageObject","inLanguage":"en-US","@id":"https:\/\/triworx-coaching.com\/produkt\/inscyd-leistungsdiagnostik-laufen\/#primaryimage","url":"https:\/\/triworx-coaching.com\/wp-content\/uploads\/2020\/06\/9EA5B7B6-1968-42B2-A744-CFE760435C0E_1_105_c.jpeg","contentUrl":"https:\/\/triworx-coaching.com\/wp-content\/uploads\/2020\/06\/9EA5B7B6-1968-42B2-A744-CFE760435C0E_1_105_c.jpeg","width":1000,"height":667},{"@type":"BreadcrumbList","@id":"https:\/\/triworx-coaching.com\/produkt\/inscyd-leistungsdiagnostik-laufen\/#breadcrumb","itemListElement":[{"@type":"ListItem","position":1,"name":"Startseite","item":"https:\/\/triworx-coaching.com\/"},{"@type":"ListItem","position":2,"name":"Triworx Shop","item":"https:\/\/triworx-coaching.com\/shop\/"},{"@type":"ListItem","position":3,"name":"INSCYD Leistungsdiagnostik Laufen"}]},{"@type":"WebSite","@id":"https:\/\/triworx-coaching.com\/#website","url":"https:\/\/triworx-coaching.com\/","name":"triworx coaching","description":"Training - Coaching - Diagnostic","publisher":{"@id":"https:\/\/triworx-coaching.com\/#organization"},"potentialAction":[{"@type":"SearchAction","target":{"@type":"EntryPoint","urlTemplate":"https:\/\/triworx-coaching.com\/?s={search_term_string}"},"query-input":{"@type":"PropertyValueSpecification","valueRequired":true,"valueName":"search_term_string"}}],"inLanguage":"en-US"},{"@type":"Organization","@id":"https:\/\/triworx-coaching.com\/#organization","name":"triworx-coaching","url":"https:\/\/triworx-coaching.com\/","logo":{"@type":"ImageObject","inLanguage":"en-US","@id":"https:\/\/triworx-coaching.com\/#\/schema\/logo\/image\/","url":"https:\/\/triworx-coaching.com\/wp-content\/uploads\/2021\/03\/triworx_profilbild500px.jpg","contentUrl":"https:\/\/triworx-coaching.com\/wp-content\/uploads\/2021\/03\/triworx_profilbild500px.jpg","width":500,"height":500,"caption":"triworx-coaching"},"image":{"@id":"https:\/\/triworx-coaching.com\/#\/schema\/logo\/image\/"},"sameAs":["https:\/\/www.facebook.com\/performingperfect","https:\/\/x.com\/tri_worx","https:\/\/www.instagram.com\/triworx_coaching\/"]}]}},"_links":{"self":[{"href":"https:\/\/triworx-coaching.com\/en\/wp-json\/wp\/v2\/product\/3760","targetHints":{"allow":["GET"]}}],"collection":[{"href":"https:\/\/triworx-coaching.com\/en\/wp-json\/wp\/v2\/product"}],"about":[{"href":"https:\/\/triworx-coaching.com\/en\/wp-json\/wp\/v2\/types\/product"}],"replies":[{"embeddable":true,"href":"https:\/\/triworx-coaching.com\/en\/wp-json\/wp\/v2\/comments?post=3760"}],"wp:featuredmedia":[{"embeddable":true,"href":"https:\/\/triworx-coaching.com\/en\/wp-json\/wp\/v2\/media\/528"}],"wp:attachment":[{"href":"https:\/\/triworx-coaching.com\/en\/wp-json\/wp\/v2\/media?parent=3760"}],"wp:term":[{"taxonomy":"product_brand","embeddable":true,"href":"https:\/\/triworx-coaching.com\/en\/wp-json\/wp\/v2\/product_brand?post=3760"},{"taxonomy":"product_cat","embeddable":true,"href":"https:\/\/triworx-coaching.com\/en\/wp-json\/wp\/v2\/product_cat?post=3760"},{"taxonomy":"product_tag","embeddable":true,"href":"https:\/\/triworx-coaching.com\/en\/wp-json\/wp\/v2\/product_tag?post=3760"}],"curies":[{"name":"wp","href":"https:\/\/api.w.org\/{rel}","templated":true}]}}