{"id":585,"date":"2020-06-28T14:47:26","date_gmt":"2020-06-28T12:47:26","guid":{"rendered":"https:\/\/triworx-academy.com\/?page_id=585"},"modified":"2022-09-14T21:19:30","modified_gmt":"2022-09-14T19:19:30","slug":"impressum","status":"publish","type":"page","link":"https:\/\/triworx-coaching.com\/en\/impressum\/","title":{"rendered":"Imprint"},"content":{"rendered":"<p>[et_pb_section admin_label=&#8220;section&#8220;]<br>\n\t\t\t[et_pb_row admin_label=&#8220;row&#8220;]<br>\n\t\t\t\t[et_pb_column type=&#8220;4_4&#8243;][et_pb_text admin_label=&#8220;Text&#8220;]<\/p>\n\n\n<h1 class=\"wp-block-heading\">IMPRESSUM<\/h1>\n\n\n\n<h2 class=\"wp-block-heading\">ANGABEN GEM\u00c4SS \u00a7 5 TMG<\/h2>\n\n\n\n<p>Stienen, Astrid<br>triworx-coaching<br>Postropsweg 22<br>52134 Herzogenrath<\/p>\n\n\n\n<h2 class=\"wp-block-heading\">KONTAKT:<\/h2>\n\n\n\n<p>Telefon: 0172-2742268<br>E-Mail: info@triworx-coaching.com<\/p>\n\n\n\n<h2 class=\"wp-block-heading\">VERANTWORTLICH F\u00dcR DEN INHALT NACH \u00a7 55 ABS. 2 RSTV:<\/h2>\n\n\n\n<p><br>Astrid Stienen<br>Postropsweg 22<br>52134 Herzogenrath<\/p>\n\n\n\n<h2 class=\"wp-block-heading\">STREITSCHLICHTUNG<\/h2>\n\n\n\n<p>Die Europ\u00e4ische Kommission stellt eine Plattform zur Online-Streitbeilegung (OS) bereit:&nbsp;<a href=\"https:\/\/ec.europa.eu\/consumers\/odr\" target=\"_blank\" rel=\"noreferrer noopener\">https:\/\/ec.europa.eu\/consumers\/odr<\/a>.<br>Unsere E-Mail-Adresse finden Sie oben im Impressum.<\/p>\n\n\n\n<p>Wir sind nicht bereit oder verpflichtet, an Streitbeilegungsverfahren vor einer Verbraucherschlichtungsstelle teilzunehmen.<\/p>\n\n\n\n<h3 class=\"wp-block-heading\">HAFTUNG F\u00dcR INHALTE<\/h3>\n\n\n\n<p>Als Diensteanbieter sind wir gem\u00e4\u00df \u00a7 7 Abs.1 TMG f\u00fcr eigene Inhalte auf diesen Seiten nach den allgemeinen Gesetzen verantwortlich. Nach \u00a7\u00a7 8 bis 10 TMG sind wir als Diensteanbieter jedoch nicht verpflichtet, \u00fcbermittelte oder gespeicherte fremde Informationen zu<br>\u00fcberwachen oder nach Umst\u00e4nden zu forschen, die auf eine rechtswidrige T\u00e4tigkeit hinweisen.<\/p>\n\n\n\n<p>Verpflichtungen zur Entfernung oder Sperrung der Nutzung von Informationen nach den allgemeinen Gesetzen bleiben hiervon unber\u00fchrt. Eine diesbez\u00fcgliche Haftung ist jedoch erst ab dem Zeitpunkt der Kenntnis einer konkreten Rechtsverletzung m\u00f6glich. Bei Bekanntwerden von entsprechenden Rechtsverletzungen werden wir diese Inhalte umgehend entfernen.<\/p>\n\n\n\n<h3 class=\"wp-block-heading\">HAFTUNG F\u00dcR LINKS<\/h3>\n\n\n\n<p>Unser Angebot enth\u00e4lt Links zu externen Websites Dritter, auf deren Inhalte wir keinen Einfluss haben. Deshalb k\u00f6nnen wir f\u00fcr diese fremden Inhalte auch keine Gew\u00e4hr \u00fcbernehmen. F\u00fcr die Inhalte der verlinkten Seiten ist stets der jeweilige Anbieter oder Betreiber der Seiten verantwortlich. Die verlinkten Seiten wurden zum Zeitpunkt der Verlinkung auf m\u00f6gliche Rechtsverst\u00f6\u00dfe \u00fcberpr\u00fcft. Rechtswidrige Inhalte waren zum Zeitpunkt der Verlinkung nicht erkennbar.<\/p>\n\n\n\n<p>Eine permanente inhaltliche Kontrolle der verlinkten Seiten ist jedoch ohne konkrete Anhaltspunkte einer Rechtsverletzung nicht zumutbar. Bei Bekanntwerden von Rechtsverletzungen werden wir derartige Links umgehend entfernen.<\/p>\n\n\n\n<h3 class=\"wp-block-heading\">URHEBERRECHT<\/h3>\n\n\n\n<p>Die durch die Seitenbetreiber erstellten Inhalte und Werke auf diesen Seiten unterliegen dem deutschen Urheberrecht. Die Vervielf\u00e4ltigung, Bearbeitung, Verbreitung und jede Art der Verwertung au\u00dferhalb der Grenzen des Urheberrechtes bed\u00fcrfen der schriftlichen Zustimmung des jeweiligen Autors bzw. Erstellers. Downloads und Kopien dieser Seite sind nur f\u00fcr den privaten, nicht kommerziellen Gebrauch gestattet.<\/p>\n\n\n\n<p>Soweit die Inhalte auf dieser Seite nicht vom Betreiber erstellt wurden, werden die Urheberrechte Dritter beachtet. Insbesondere werden Inhalte Dritter als solche gekennzeichnet. Sollten Sie trotzdem auf eine Urheberrechtsverletzung aufmerksam werden, bitten wir um einen entsprechenden Hinweis. Bei Bekanntwerden von Rechtsverletzungen werden wir derartige Inhalte umgehend entfernen.<\/p>\n\n\n\n<p><strong>Quellenangaben f\u00fcr die verwendeten Bilder und Grafiken:<\/strong><\/p>\n\n\n\n<p>Marcel Hilger,&nbsp;Ingo Kutsche,&nbsp;Celia Kuch, Scott Bittle, Shane Harrison, Inger Diederich, koruptvision, fmoreno9, Christian Decker<\/p>\n\n\n<p>[\/et_pb_text][\/et_pb_column]<br>\n\t\t\t[\/et_pb_row]<br>\n\t\t[\/et_pb_section]<\/p>","protected":false},"excerpt":{"rendered":"<p>IMPRESSUM ANGABEN GEM\u00c4SS \u00a7 5 TMG Stienen, Astridtriworx-coachingPostropsweg 2252134 Herzogenrath KONTAKT: Telefon: 0172-2742268E-Mail: info@triworx-coaching.com VERANTWORTLICH F\u00dcR DEN INHALT NACH \u00a7 55 ABS. 2 RSTV: Astrid StienenPostropsweg 2252134 Herzogenrath STREITSCHLICHTUNG Die Europ\u00e4ische Kommission stellt eine Plattform zur Online-Streitbeilegung (OS) bereit:&nbsp;https:\/\/ec.europa.eu\/consumers\/odr.Unsere E-Mail-Adresse finden Sie oben im Impressum. Wir sind nicht bereit oder verpflichtet, an Streitbeilegungsverfahren vor einer [&hellip;]<\/p>\n","protected":false},"author":1,"featured_media":0,"parent":0,"menu_order":0,"comment_status":"closed","ping_status":"closed","template":"","meta":{"_et_pb_use_builder":"on","_et_pb_old_content":"<!-- wp:heading {\"level\":1} -->\n<h1>IMPRESSUM<\/h1>\n<!-- \/wp:heading -->\n\n<!-- wp:heading -->\n<h2>ANGABEN GEM\u00c4SS \u00a7 5 TMG<\/h2>\n<!-- \/wp:heading -->\n\n<!-- wp:paragraph -->\n<p>Stienen, Astrid<br>triworx-coaching<br>Postropsweg 22<br>52134 Herzogenrath<\/p>\n<!-- \/wp:paragraph -->\n\n<!-- wp:heading -->\n<h2>KONTAKT:<\/h2>\n<!-- \/wp:heading -->\n\n<!-- wp:paragraph -->\n<p>Telefon: 0172-2742268<br>E-Mail: info@triworx-coaching.com<\/p>\n<!-- \/wp:paragraph -->\n\n<!-- wp:heading -->\n<h2>VERANTWORTLICH F\u00dcR DEN INHALT NACH \u00a7 55 ABS. 2 RSTV:<\/h2>\n<!-- \/wp:heading -->\n\n<!-- wp:paragraph -->\n<p>Christian Decker<br>Astrid Stienen<br>Postropsweg 22<br>52134 Herzogenrath<\/p>\n<!-- \/wp:paragraph -->\n\n<!-- wp:heading -->\n<h2>STREITSCHLICHTUNG<\/h2>\n<!-- \/wp:heading -->\n\n<!-- wp:paragraph -->\n<p>Die Europ\u00e4ische Kommission stellt eine Plattform zur Online-Streitbeilegung (OS) bereit:&nbsp;<a href=\"https:\/\/ec.europa.eu\/consumers\/odr\" target=\"_blank\" rel=\"noreferrer noopener\">https:\/\/ec.europa.eu\/consumers\/odr<\/a>.<br>Unsere E-Mail-Adresse finden Sie oben im Impressum.<\/p>\n<!-- \/wp:paragraph -->\n\n<!-- wp:paragraph -->\n<p>Wir sind nicht bereit oder verpflichtet, an Streitbeilegungsverfahren vor einer Verbraucherschlichtungsstelle teilzunehmen.<\/p>\n<!-- \/wp:paragraph -->\n\n<!-- wp:heading {\"level\":3} -->\n<h3>HAFTUNG F\u00dcR INHALTE<\/h3>\n<!-- \/wp:heading -->\n\n<!-- wp:paragraph -->\n<p>Als Diensteanbieter sind wir gem\u00e4\u00df \u00a7 7 Abs.1 TMG f\u00fcr eigene Inhalte auf diesen Seiten nach den allgemeinen Gesetzen verantwortlich. Nach \u00a7\u00a7 8 bis 10 TMG sind wir als Diensteanbieter jedoch nicht verpflichtet, \u00fcbermittelte oder gespeicherte fremde Informationen zu<br>\u00fcberwachen oder nach Umst\u00e4nden zu forschen, die auf eine rechtswidrige T\u00e4tigkeit hinweisen.<\/p>\n<!-- \/wp:paragraph -->\n\n<!-- wp:paragraph -->\n<p>Verpflichtungen zur Entfernung oder Sperrung der Nutzung von Informationen nach den allgemeinen Gesetzen bleiben hiervon unber\u00fchrt. Eine diesbez\u00fcgliche Haftung ist jedoch erst ab dem Zeitpunkt der Kenntnis einer konkreten Rechtsverletzung m\u00f6glich. Bei Bekanntwerden von entsprechenden Rechtsverletzungen werden wir diese Inhalte umgehend entfernen.<\/p>\n<!-- \/wp:paragraph -->\n\n<!-- wp:heading {\"level\":3} -->\n<h3>HAFTUNG F\u00dcR LINKS<\/h3>\n<!-- \/wp:heading -->\n\n<!-- wp:paragraph -->\n<p>Unser Angebot enth\u00e4lt Links zu externen Websites Dritter, auf deren Inhalte wir keinen Einfluss haben. Deshalb k\u00f6nnen wir f\u00fcr diese fremden Inhalte auch keine Gew\u00e4hr \u00fcbernehmen. F\u00fcr die Inhalte der verlinkten Seiten ist stets der jeweilige Anbieter oder Betreiber der Seiten verantwortlich. Die verlinkten Seiten wurden zum Zeitpunkt der Verlinkung auf m\u00f6gliche Rechtsverst\u00f6\u00dfe \u00fcberpr\u00fcft. Rechtswidrige Inhalte waren zum Zeitpunkt der Verlinkung nicht erkennbar.<\/p>\n<!-- \/wp:paragraph -->\n\n<!-- wp:paragraph -->\n<p>Eine permanente inhaltliche Kontrolle der verlinkten Seiten ist jedoch ohne konkrete Anhaltspunkte einer Rechtsverletzung nicht zumutbar. Bei Bekanntwerden von Rechtsverletzungen werden wir derartige Links umgehend entfernen.<\/p>\n<!-- \/wp:paragraph -->\n\n<!-- wp:heading {\"level\":3} -->\n<h3>URHEBERRECHT<\/h3>\n<!-- \/wp:heading -->\n\n<!-- wp:paragraph -->\n<p>Die durch die Seitenbetreiber erstellten Inhalte und Werke auf diesen Seiten unterliegen dem deutschen Urheberrecht. Die Vervielf\u00e4ltigung, Bearbeitung, Verbreitung und jede Art der Verwertung au\u00dferhalb der Grenzen des Urheberrechtes bed\u00fcrfen der schriftlichen Zustimmung des jeweiligen Autors bzw. Erstellers. Downloads und Kopien dieser Seite sind nur f\u00fcr den privaten, nicht kommerziellen Gebrauch gestattet.<\/p>\n<!-- \/wp:paragraph -->\n\n<!-- wp:paragraph -->\n<p>Soweit die Inhalte auf dieser Seite nicht vom Betreiber erstellt wurden, werden die Urheberrechte Dritter beachtet. Insbesondere werden Inhalte Dritter als solche gekennzeichnet. Sollten Sie trotzdem auf eine Urheberrechtsverletzung aufmerksam werden, bitten wir um einen entsprechenden Hinweis. Bei Bekanntwerden von Rechtsverletzungen werden wir derartige Inhalte umgehend entfernen.<\/p>\n<!-- \/wp:paragraph -->\n\n<!-- wp:paragraph -->\n<p><strong>Quellenangaben f\u00fcr die verwendeten Bilder und Grafiken:<\/strong><\/p>\n<!-- \/wp:paragraph -->\n\n<!-- wp:paragraph -->\n<p>Marcel Hilger,&nbsp;Ingo Kutsche,&nbsp;Celia Kuch, Scott Bittle, Shane Harrison, Inger Diederich, koruptvision, fmoreno9, Christian Decker<\/p>\n<!-- \/wp:paragraph -->","_et_gb_content_width":"","footnotes":""},"class_list":["post-585","page","type-page","status-publish","hentry"],"yoast_head":"<!-- This site is optimized with the Yoast SEO plugin v27.4 - https:\/\/yoast.com\/product\/yoast-seo-wordpress\/ -->\n<title>Impressum - triworx coaching<\/title>\n<meta name=\"robots\" content=\"index, follow, max-snippet:-1, max-image-preview:large, max-video-preview:-1\" \/>\n<link rel=\"canonical\" href=\"https:\/\/triworx-coaching.com\/en\/impressum\/\" \/>\n<meta property=\"og:locale\" content=\"en_US\" \/>\n<meta property=\"og:type\" content=\"article\" \/>\n<meta property=\"og:title\" content=\"Impressum - triworx coaching\" \/>\n<meta property=\"og:description\" content=\"IMPRESSUM ANGABEN GEM\u00c4SS \u00a7 5 TMG Stienen, Astridtriworx-coachingPostropsweg 2252134 Herzogenrath KONTAKT: Telefon: 0172-2742268E-Mail: info@triworx-coaching.com VERANTWORTLICH F\u00dcR DEN INHALT NACH \u00a7 55 ABS. 2 RSTV: Astrid StienenPostropsweg 2252134 Herzogenrath STREITSCHLICHTUNG Die Europ\u00e4ische Kommission stellt eine Plattform zur Online-Streitbeilegung (OS) bereit:&nbsp;https:\/\/ec.europa.eu\/consumers\/odr.Unsere E-Mail-Adresse finden Sie oben im Impressum. Wir sind nicht bereit oder verpflichtet, an Streitbeilegungsverfahren vor einer [&hellip;]\" \/>\n<meta property=\"og:url\" content=\"https:\/\/triworx-coaching.com\/en\/impressum\/\" \/>\n<meta property=\"og:site_name\" content=\"triworx coaching\" \/>\n<meta property=\"article:publisher\" content=\"https:\/\/www.facebook.com\/performingperfect\" \/>\n<meta property=\"article:modified_time\" content=\"2022-09-14T19:19:30+00:00\" \/>\n<meta name=\"twitter:card\" content=\"summary_large_image\" \/>\n<meta name=\"twitter:site\" content=\"@tri_worx\" \/>\n<meta name=\"twitter:label1\" content=\"Est. reading time\" \/>\n\t<meta name=\"twitter:data1\" content=\"3 minutes\" \/>\n<script type=\"application\/ld+json\" class=\"yoast-schema-graph\">{\"@context\":\"https:\\\/\\\/schema.org\",\"@graph\":[{\"@type\":\"WebPage\",\"@id\":\"https:\\\/\\\/triworx-coaching.com\\\/impressum\\\/\",\"url\":\"https:\\\/\\\/triworx-coaching.com\\\/impressum\\\/\",\"name\":\"Impressum - triworx coaching\",\"isPartOf\":{\"@id\":\"https:\\\/\\\/triworx-coaching.com\\\/#website\"},\"datePublished\":\"2020-06-28T12:47:26+00:00\",\"dateModified\":\"2022-09-14T19:19:30+00:00\",\"breadcrumb\":{\"@id\":\"https:\\\/\\\/triworx-coaching.com\\\/impressum\\\/#breadcrumb\"},\"inLanguage\":\"en-US\",\"potentialAction\":[{\"@type\":\"ReadAction\",\"target\":[\"https:\\\/\\\/triworx-coaching.com\\\/impressum\\\/\"]}]},{\"@type\":\"BreadcrumbList\",\"@id\":\"https:\\\/\\\/triworx-coaching.com\\\/impressum\\\/#breadcrumb\",\"itemListElement\":[{\"@type\":\"ListItem\",\"position\":1,\"name\":\"Startseite\",\"item\":\"https:\\\/\\\/triworx-coaching.com\\\/\"},{\"@type\":\"ListItem\",\"position\":2,\"name\":\"Impressum\"}]},{\"@type\":\"WebSite\",\"@id\":\"https:\\\/\\\/triworx-coaching.com\\\/#website\",\"url\":\"https:\\\/\\\/triworx-coaching.com\\\/\",\"name\":\"triworx coaching\",\"description\":\"Training - Coaching - Diagnostic\",\"publisher\":{\"@id\":\"https:\\\/\\\/triworx-coaching.com\\\/#organization\"},\"potentialAction\":[{\"@type\":\"SearchAction\",\"target\":{\"@type\":\"EntryPoint\",\"urlTemplate\":\"https:\\\/\\\/triworx-coaching.com\\\/?s={search_term_string}\"},\"query-input\":{\"@type\":\"PropertyValueSpecification\",\"valueRequired\":true,\"valueName\":\"search_term_string\"}}],\"inLanguage\":\"en-US\"},{\"@type\":\"Organization\",\"@id\":\"https:\\\/\\\/triworx-coaching.com\\\/#organization\",\"name\":\"triworx-coaching\",\"url\":\"https:\\\/\\\/triworx-coaching.com\\\/\",\"logo\":{\"@type\":\"ImageObject\",\"inLanguage\":\"en-US\",\"@id\":\"https:\\\/\\\/triworx-coaching.com\\\/#\\\/schema\\\/logo\\\/image\\\/\",\"url\":\"https:\\\/\\\/triworx-coaching.com\\\/wp-content\\\/uploads\\\/2021\\\/03\\\/triworx_profilbild500px.jpg\",\"contentUrl\":\"https:\\\/\\\/triworx-coaching.com\\\/wp-content\\\/uploads\\\/2021\\\/03\\\/triworx_profilbild500px.jpg\",\"width\":500,\"height\":500,\"caption\":\"triworx-coaching\"},\"image\":{\"@id\":\"https:\\\/\\\/triworx-coaching.com\\\/#\\\/schema\\\/logo\\\/image\\\/\"},\"sameAs\":[\"https:\\\/\\\/www.facebook.com\\\/performingperfect\",\"https:\\\/\\\/x.com\\\/tri_worx\",\"https:\\\/\\\/www.instagram.com\\\/triworx_coaching\\\/\"]}]}<\/script>\n<!-- \/ Yoast SEO plugin. -->","yoast_head_json":{"title":"Impressum - triworx coaching","robots":{"index":"index","follow":"follow","max-snippet":"max-snippet:-1","max-image-preview":"max-image-preview:large","max-video-preview":"max-video-preview:-1"},"canonical":"https:\/\/triworx-coaching.com\/en\/impressum\/","og_locale":"en_US","og_type":"article","og_title":"Impressum - triworx coaching","og_description":"IMPRESSUM ANGABEN GEM\u00c4SS \u00a7 5 TMG Stienen, Astridtriworx-coachingPostropsweg 2252134 Herzogenrath KONTAKT: Telefon: 0172-2742268E-Mail: info@triworx-coaching.com VERANTWORTLICH F\u00dcR DEN INHALT NACH \u00a7 55 ABS. 2 RSTV: Astrid StienenPostropsweg 2252134 Herzogenrath STREITSCHLICHTUNG Die Europ\u00e4ische Kommission stellt eine Plattform zur Online-Streitbeilegung (OS) bereit:&nbsp;https:\/\/ec.europa.eu\/consumers\/odr.Unsere E-Mail-Adresse finden Sie oben im Impressum. Wir sind nicht bereit oder verpflichtet, an Streitbeilegungsverfahren vor einer [&hellip;]","og_url":"https:\/\/triworx-coaching.com\/en\/impressum\/","og_site_name":"triworx coaching","article_publisher":"https:\/\/www.facebook.com\/performingperfect","article_modified_time":"2022-09-14T19:19:30+00:00","twitter_card":"summary_large_image","twitter_site":"@tri_worx","twitter_misc":{"Est. reading time":"3 minutes"},"schema":{"@context":"https:\/\/schema.org","@graph":[{"@type":"WebPage","@id":"https:\/\/triworx-coaching.com\/impressum\/","url":"https:\/\/triworx-coaching.com\/impressum\/","name":"Impressum - triworx coaching","isPartOf":{"@id":"https:\/\/triworx-coaching.com\/#website"},"datePublished":"2020-06-28T12:47:26+00:00","dateModified":"2022-09-14T19:19:30+00:00","breadcrumb":{"@id":"https:\/\/triworx-coaching.com\/impressum\/#breadcrumb"},"inLanguage":"en-US","potentialAction":[{"@type":"ReadAction","target":["https:\/\/triworx-coaching.com\/impressum\/"]}]},{"@type":"BreadcrumbList","@id":"https:\/\/triworx-coaching.com\/impressum\/#breadcrumb","itemListElement":[{"@type":"ListItem","position":1,"name":"Startseite","item":"https:\/\/triworx-coaching.com\/"},{"@type":"ListItem","position":2,"name":"Impressum"}]},{"@type":"WebSite","@id":"https:\/\/triworx-coaching.com\/#website","url":"https:\/\/triworx-coaching.com\/","name":"triworx coaching","description":"Training - Coaching - Diagnostic","publisher":{"@id":"https:\/\/triworx-coaching.com\/#organization"},"potentialAction":[{"@type":"SearchAction","target":{"@type":"EntryPoint","urlTemplate":"https:\/\/triworx-coaching.com\/?s={search_term_string}"},"query-input":{"@type":"PropertyValueSpecification","valueRequired":true,"valueName":"search_term_string"}}],"inLanguage":"en-US"},{"@type":"Organization","@id":"https:\/\/triworx-coaching.com\/#organization","name":"triworx-coaching","url":"https:\/\/triworx-coaching.com\/","logo":{"@type":"ImageObject","inLanguage":"en-US","@id":"https:\/\/triworx-coaching.com\/#\/schema\/logo\/image\/","url":"https:\/\/triworx-coaching.com\/wp-content\/uploads\/2021\/03\/triworx_profilbild500px.jpg","contentUrl":"https:\/\/triworx-coaching.com\/wp-content\/uploads\/2021\/03\/triworx_profilbild500px.jpg","width":500,"height":500,"caption":"triworx-coaching"},"image":{"@id":"https:\/\/triworx-coaching.com\/#\/schema\/logo\/image\/"},"sameAs":["https:\/\/www.facebook.com\/performingperfect","https:\/\/x.com\/tri_worx","https:\/\/www.instagram.com\/triworx_coaching\/"]}]}},"_links":{"self":[{"href":"https:\/\/triworx-coaching.com\/en\/wp-json\/wp\/v2\/pages\/585","targetHints":{"allow":["GET"]}}],"collection":[{"href":"https:\/\/triworx-coaching.com\/en\/wp-json\/wp\/v2\/pages"}],"about":[{"href":"https:\/\/triworx-coaching.com\/en\/wp-json\/wp\/v2\/types\/page"}],"author":[{"embeddable":true,"href":"https:\/\/triworx-coaching.com\/en\/wp-json\/wp\/v2\/users\/1"}],"replies":[{"embeddable":true,"href":"https:\/\/triworx-coaching.com\/en\/wp-json\/wp\/v2\/comments?post=585"}],"version-history":[{"count":2,"href":"https:\/\/triworx-coaching.com\/en\/wp-json\/wp\/v2\/pages\/585\/revisions"}],"predecessor-version":[{"id":3755,"href":"https:\/\/triworx-coaching.com\/en\/wp-json\/wp\/v2\/pages\/585\/revisions\/3755"}],"wp:attachment":[{"href":"https:\/\/triworx-coaching.com\/en\/wp-json\/wp\/v2\/media?parent=585"}],"curies":[{"name":"wp","href":"https:\/\/api.w.org\/{rel}","templated":true}]}}